{"id":158,"date":"2020-02-17T15:00:20","date_gmt":"2020-02-17T15:00:20","guid":{"rendered":"http:\/\/bizix.premiumthemes.in\/?page_id=158"},"modified":"2021-03-17T18:06:05","modified_gmt":"2021-03-17T18:06:05","slug":"home-1","status":"publish","type":"page","link":"https:\/\/setorsulseguros.com.br\/","title":{"rendered":"Home 1"},"content":{"rendered":"\t\t<div data-elementor-type=\"wp-page\" data-elementor-id=\"158\" class=\"elementor elementor-158\" data-elementor-settings=\"[]\">\n\t\t\t\t\t\t\t<div class=\"elementor-section-wrap\">\n\t\t\t\t\t\t\t<section class=\"elementor-section elementor-top-section elementor-element elementor-element-e58aa7d elementor-section-boxed elementor-section-height-default elementor-section-height-default\" data-id=\"e58aa7d\" data-element_type=\"section\">\n\t\t\t\t\t\t<div class=\"elementor-container elementor-column-gap-default\">\n\t\t\t\t\t<div class=\"elementor-column elementor-col-100 elementor-top-column elementor-element elementor-element-62900a6\" data-id=\"62900a6\" data-element_type=\"column\">\n\t\t\t<div class=\"elementor-widget-wrap elementor-element-populated\">\n\t\t\t\t\t\t\t\t<div class=\"elementor-element elementor-element-898b8c3 elementor-widget elementor-widget-image\" data-id=\"898b8c3\" data-element_type=\"widget\" data-widget_type=\"image.default\">\n\t\t\t\t<div class=\"elementor-widget-container\">\n\t\t\t\t\t<div class=\"elementor-image\">\n\t\t\t\t\t\t\t\t\t\t\t<a href=\"https:\/\/api.whatsapp.com\/send?phone=5541984066990&#038;text=Preciso%20cotar%20um%20seguro%20de%20\">\n\t\t\t\t\t\t\t<img loading=\"lazy\" decoding=\"async\" width=\"1530\" height=\"250\" src=\"https:\/\/setorsulseguros.com.br\/wp-content\/uploads\/2021\/03\/banner02.jpg\" class=\"attachment-full size-full\" alt=\"\" srcset=\"https:\/\/setorsulseguros.com.br\/wp-content\/uploads\/2021\/03\/banner02.jpg 1530w, https:\/\/setorsulseguros.com.br\/wp-content\/uploads\/2021\/03\/banner02-300x49.jpg 300w, https:\/\/setorsulseguros.com.br\/wp-content\/uploads\/2021\/03\/banner02-1024x167.jpg 1024w, https:\/\/setorsulseguros.com.br\/wp-content\/uploads\/2021\/03\/banner02-768x125.jpg 768w\" sizes=\"auto, (max-width: 1530px) 100vw, 1530px\" \/>\t\t\t\t\t\t\t\t<\/a>\n\t\t\t\t\t\t\t\t\t\t\t<\/div>\n\t\t\t\t<\/div>\n\t\t\t\t<\/div>\n\t\t\t\t\t<\/div>\n\t\t<\/div>\n\t\t\t\t\t\t\t<\/div>\n\t\t<\/section>\n\t\t\t\t<section class=\"elementor-section elementor-top-section elementor-element elementor-element-8262f8a elementor-section-boxed elementor-section-height-default elementor-section-height-default\" data-id=\"8262f8a\" data-element_type=\"section\">\n\t\t\t\t\t\t<div class=\"elementor-container elementor-column-gap-default\">\n\t\t\t\t\t<div class=\"elementor-column elementor-col-100 elementor-top-column elementor-element elementor-element-58b5140\" data-id=\"58b5140\" data-element_type=\"column\">\n\t\t\t<div class=\"elementor-widget-wrap\">\n\t\t\t\t\t\t\t\t\t<\/div>\n\t\t<\/div>\n\t\t\t\t\t\t\t<\/div>\n\t\t<\/section>\n\t\t\t\t<section class=\"elementor-section elementor-top-section elementor-element elementor-element-95e75c9 elementor-section-boxed elementor-section-height-default elementor-section-height-default\" data-id=\"95e75c9\" data-element_type=\"section\">\n\t\t\t\t\t\t<div class=\"elementor-container elementor-column-gap-default\">\n\t\t\t\t\t<div class=\"elementor-column elementor-col-100 elementor-top-column elementor-element elementor-element-b318d6e\" data-id=\"b318d6e\" data-element_type=\"column\">\n\t\t\t<div class=\"elementor-widget-wrap elementor-element-populated\">\n\t\t\t\t\t\t\t\t<div class=\"elementor-element elementor-element-57cbc0e elementor-widget elementor-widget-spacer\" data-id=\"57cbc0e\" data-element_type=\"widget\" data-widget_type=\"spacer.default\">\n\t\t\t\t<div class=\"elementor-widget-container\">\n\t\t\t\t\t<div class=\"elementor-spacer\">\n\t\t\t<div class=\"elementor-spacer-inner\"><\/div>\n\t\t<\/div>\n\t\t\t\t<\/div>\n\t\t\t\t<\/div>\n\t\t\t\t\t<\/div>\n\t\t<\/div>\n\t\t\t\t\t\t\t<\/div>\n\t\t<\/section>\n\t\t\t\t<section class=\"elementor-section elementor-top-section elementor-element elementor-element-66881864 elementor-section-stretched elementor-section-boxed elementor-section-height-default elementor-section-height-default\" data-id=\"66881864\" data-element_type=\"section\" data-settings=\"{&quot;stretch_section&quot;:&quot;section-stretched&quot;}\">\n\t\t\t\t\t\t<div class=\"elementor-container elementor-column-gap-no\">\n\t\t\t\t\t<div class=\"elementor-column elementor-col-50 elementor-top-column elementor-element elementor-element-125c2ecd\" data-id=\"125c2ecd\" data-element_type=\"column\">\n\t\t\t<div class=\"elementor-widget-wrap elementor-element-populated\">\n\t\t\t\t\t\t\t\t<div class=\"elementor-element elementor-element-5439f5b3 elementor-widget elementor-widget-image\" data-id=\"5439f5b3\" data-element_type=\"widget\" data-widget_type=\"image.default\">\n\t\t\t\t<div class=\"elementor-widget-container\">\n\t\t\t\t\t<div class=\"elementor-image\">\n\t\t\t\t\t\t\t\t\t\t<img loading=\"lazy\" decoding=\"async\" width=\"512\" height=\"460\" src=\"https:\/\/setorsulseguros.com.br\/wp-content\/uploads\/2021\/03\/FALE-CONOSCO-3.jpg\" class=\"attachment-full size-full\" alt=\"\" srcset=\"https:\/\/setorsulseguros.com.br\/wp-content\/uploads\/2021\/03\/FALE-CONOSCO-3.jpg 512w, https:\/\/setorsulseguros.com.br\/wp-content\/uploads\/2021\/03\/FALE-CONOSCO-3-300x270.jpg 300w\" sizes=\"auto, (max-width: 512px) 100vw, 512px\" \/>\t\t\t\t\t\t\t\t\t\t\t<\/div>\n\t\t\t\t<\/div>\n\t\t\t\t<\/div>\n\t\t\t\t\t<\/div>\n\t\t<\/div>\n\t\t\t\t<div class=\"elementor-column elementor-col-50 elementor-top-column elementor-element elementor-element-1b7c9fb3\" data-id=\"1b7c9fb3\" data-element_type=\"column\">\n\t\t\t<div class=\"elementor-widget-wrap elementor-element-populated\">\n\t\t\t\t\t\t\t\t<div class=\"elementor-element elementor-element-4285cd2e gyan-title-st-line-after gyan-title-desc-left elementor-widget elementor-widget-gyan_title\" data-id=\"4285cd2e\" data-element_type=\"widget\" data-widget_type=\"gyan_title.default\">\n\t\t\t\t<div class=\"elementor-widget-container\">\n\t\t\t\t\t<div class=\"gyan-title\">\r\n\t\t\t<div class=\"gyan-title-subtitle\"><span>Seja bem vindo!<\/span><\/div><h2 class=\"gyan-title-heading\">SETORSUL SEGUROS<\/h2><div class=\"gyan-title-desc\">\t\n\nNosso compromisso \u00e9 te atender com qualidade e transpar\u00eancia. Por isso, oferecemos os melhores seguros do mercado visando o custo benef\u00edcio de cada cliente. Seja seguro de auto, empresarial e\/ou resid\u00eancial, buscamos a op\u00e7\u00e3o que atenda todas as necessidades de cobertura e ofere\u00e7a a seguran\u00e7a que voc\u00ea precisa.\n<\/div>\t\t<\/div>\r\n\t\t\t\t<\/div>\n\t\t\t\t<\/div>\n\t\t\t\t<section class=\"elementor-section elementor-inner-section elementor-element elementor-element-28489e62 elementor-section-boxed elementor-section-height-default elementor-section-height-default\" data-id=\"28489e62\" data-element_type=\"section\">\n\t\t\t\t\t\t<div class=\"elementor-container elementor-column-gap-no\">\n\t\t\t\t\t<div class=\"elementor-column elementor-col-50 elementor-inner-column elementor-element elementor-element-31b1ef3\" data-id=\"31b1ef3\" data-element_type=\"column\">\n\t\t\t<div class=\"elementor-widget-wrap elementor-element-populated\">\n\t\t\t\t\t\t\t\t<div class=\"elementor-element elementor-element-3b1a54b elementor-position-left elementor-vertical-align-top elementor-widget elementor-widget-image-box\" data-id=\"3b1a54b\" data-element_type=\"widget\" data-widget_type=\"image-box.default\">\n\t\t\t\t<div class=\"elementor-widget-container\">\n\t\t\t<div class=\"elementor-image-box-wrapper\"><figure class=\"elementor-image-box-img\"><img loading=\"lazy\" decoding=\"async\" width=\"52\" height=\"52\" src=\"https:\/\/setorsulseguros.com.br\/wp-content\/uploads\/2020\/02\/home1-icon1.png\" class=\"attachment-full size-full\" alt=\"\" \/><\/figure><div class=\"elementor-image-box-content\"><h3 class=\"elementor-image-box-title\">Contrata\u00e7\u00e3o sem complica\u00e7\u00e3o.<\/h3><\/div><\/div>\t\t<\/div>\n\t\t\t\t<\/div>\n\t\t\t\t\t<\/div>\n\t\t<\/div>\n\t\t\t\t<div class=\"elementor-column elementor-col-50 elementor-inner-column elementor-element elementor-element-18472ac8\" data-id=\"18472ac8\" data-element_type=\"column\">\n\t\t\t<div class=\"elementor-widget-wrap elementor-element-populated\">\n\t\t\t\t\t\t\t\t<div class=\"elementor-element elementor-element-385af32 elementor-position-left elementor-vertical-align-top elementor-widget elementor-widget-image-box\" data-id=\"385af32\" data-element_type=\"widget\" data-widget_type=\"image-box.default\">\n\t\t\t\t<div class=\"elementor-widget-container\">\n\t\t\t<div class=\"elementor-image-box-wrapper\"><figure class=\"elementor-image-box-img\"><img loading=\"lazy\" decoding=\"async\" width=\"52\" height=\"52\" src=\"https:\/\/setorsulseguros.com.br\/wp-content\/uploads\/2020\/02\/home1-icon2.png\" class=\"attachment-full size-full\" alt=\"\" \/><\/figure><div class=\"elementor-image-box-content\"><h3 class=\"elementor-image-box-title\">Ajudamos voc\u00ea a encontrar a melhor op\u00e7\u00e3o.<\/h3><\/div><\/div>\t\t<\/div>\n\t\t\t\t<\/div>\n\t\t\t\t\t<\/div>\n\t\t<\/div>\n\t\t\t\t\t\t\t<\/div>\n\t\t<\/section>\n\t\t\t\t<div class=\"elementor-element elementor-element-7308ca5e elementor-widget elementor-widget-text-editor\" data-id=\"7308ca5e\" data-element_type=\"widget\" data-widget_type=\"text-editor.default\">\n\t\t\t\t<div class=\"elementor-widget-container\">\n\t\t\t\t\t<div class=\"elementor-text-editor elementor-clearfix\"><p>Equipe capacitada a auxili\u00e1-lo na contrata\u00e7\u00e3o de seu seguro, na pronta resposta \u00e0s suas necessidades e na plena assessoria durante a vig\u00eancia de seu contrato.<\/p><\/div>\n\t\t\t\t<\/div>\n\t\t\t\t<\/div>\n\t\t\t\t\t<\/div>\n\t\t<\/div>\n\t\t\t\t\t\t\t<\/div>\n\t\t<\/section>\n\t\t\t\t<section class=\"elementor-section elementor-top-section elementor-element elementor-element-53b45fd4 elementor-section-boxed elementor-section-height-default elementor-section-height-default\" data-id=\"53b45fd4\" data-element_type=\"section\">\n\t\t\t\t\t\t<div class=\"elementor-container elementor-column-gap-no\">\n\t\t\t\t\t<div class=\"elementor-column elementor-col-100 elementor-top-column elementor-element elementor-element-f21d4cb\" data-id=\"f21d4cb\" data-element_type=\"column\">\n\t\t\t<div class=\"elementor-widget-wrap elementor-element-populated\">\n\t\t\t\t\t\t\t\t<div class=\"elementor-element elementor-element-1090ee9 elementor-widget-divider--view-line elementor-widget elementor-widget-divider\" data-id=\"1090ee9\" data-element_type=\"widget\" data-widget_type=\"divider.default\">\n\t\t\t\t<div class=\"elementor-widget-container\">\n\t\t\t\t\t<div class=\"elementor-divider\">\n\t\t\t<span class=\"elementor-divider-separator\">\n\t\t\t\t\t\t<\/span>\n\t\t<\/div>\n\t\t\t\t<\/div>\n\t\t\t\t<\/div>\n\t\t\t\t\t<\/div>\n\t\t<\/div>\n\t\t\t\t\t\t\t<\/div>\n\t\t<\/section>\n\t\t\t\t<section class=\"elementor-section elementor-top-section elementor-element elementor-element-2ed0b828 elementor-section-boxed elementor-section-height-default elementor-section-height-default\" data-id=\"2ed0b828\" data-element_type=\"section\">\n\t\t\t\t\t\t<div class=\"elementor-container elementor-column-gap-no\">\n\t\t\t\t\t<div class=\"elementor-column elementor-col-100 elementor-top-column elementor-element elementor-element-6b4b3032\" data-id=\"6b4b3032\" data-element_type=\"column\">\n\t\t\t<div class=\"elementor-widget-wrap elementor-element-populated\">\n\t\t\t\t\t\t\t\t<div class=\"elementor-element elementor-element-728fe4d8 elementor-widget elementor-widget-gyan_image_carousel\" data-id=\"728fe4d8\" data-element_type=\"widget\" data-settings=\"{&quot;_animation&quot;:&quot;none&quot;}\" data-widget_type=\"gyan_image_carousel.default\">\n\t\t\t\t<div class=\"elementor-widget-container\">\n\t\t\t\t\t<div class=\"gyan-image-carousel owl-carousel gyan-image-carousel-g2c\" data-autoplay=\"yes\" data-pause=\"\" data-mouse-drag=\"yes\" data-touch-drag=\"yes\" data-loop=\"yes\" data-speed=\"1000\" data-delay=\"5000\" data-margin=\"50\" data-breakpoint1-items=\"5\" data-breakpoint2-items=\"4\" data-breakpoint3-items=\"3\" data-breakpoint4-items=\"2\" data-breakpoint5-items=\"2\" data-breakpoint6-items=\"1\" data-rtl=\"false\">\r\n\t\t\t\t\t\t\t\t\t\t\t\t<div class=\"gyan-image-item\">\r\n\t\t\t\t\t\t<div class=\"gyan-image-item-inner\">\r\n\t\t\t\t\t\t\t<a href=\"\" >\r\n\t\t\t\t\t\t\t\t<img decoding=\"async\" src=\"https:\/\/setorsulseguros.com.br\/novo\/wp-content\/uploads\/2021\/03\/hdi.jpg\" alt=\"hdi\">\r\n\t\t\t\t\t\t\t<\/a>\r\n\t\t\t\t\t\t<\/div>\r\n\t\t\t\t\t<\/div>\r\n\t\t\t\t\t\t\t\t\t\t\t\t\t\t\t\t<div class=\"gyan-image-item\">\r\n\t\t\t\t\t\t<div class=\"gyan-image-item-inner\">\r\n\t\t\t\t\t\t\t<a href=\"\" >\r\n\t\t\t\t\t\t\t\t<img decoding=\"async\" src=\"https:\/\/setorsulseguros.com.br\/novo\/wp-content\/uploads\/2021\/03\/itau.jpg\" alt=\"itau\">\r\n\t\t\t\t\t\t\t<\/a>\r\n\t\t\t\t\t\t<\/div>\r\n\t\t\t\t\t<\/div>\r\n\t\t\t\t\t\t\t\t\t\t\t\t\t\t\t\t<div class=\"gyan-image-item\">\r\n\t\t\t\t\t\t<div class=\"gyan-image-item-inner\">\r\n\t\t\t\t\t\t\t<a href=\"\" >\r\n\t\t\t\t\t\t\t\t<img decoding=\"async\" src=\"https:\/\/setorsulseguros.com.br\/novo\/wp-content\/uploads\/2021\/03\/liberty.jpg\" alt=\"liberty\">\r\n\t\t\t\t\t\t\t<\/a>\r\n\t\t\t\t\t\t<\/div>\r\n\t\t\t\t\t<\/div>\r\n\t\t\t\t\t\t\t\t\t\t\t\t\t\t\t\t<div class=\"gyan-image-item\">\r\n\t\t\t\t\t\t<div class=\"gyan-image-item-inner\">\r\n\t\t\t\t\t\t\t<a href=\"\" >\r\n\t\t\t\t\t\t\t\t<img decoding=\"async\" src=\"https:\/\/setorsulseguros.com.br\/wp-content\/uploads\/2021\/03\/aliro.jpg\" alt=\"aliro\">\r\n\t\t\t\t\t\t\t<\/a>\r\n\t\t\t\t\t\t<\/div>\r\n\t\t\t\t\t<\/div>\r\n\t\t\t\t\t\t\t\t\t\t\t\t\t\t\t\t<div class=\"gyan-image-item\">\r\n\t\t\t\t\t\t<div class=\"gyan-image-item-inner\">\r\n\t\t\t\t\t\t\t<a href=\"\" >\r\n\t\t\t\t\t\t\t\t<img decoding=\"async\" src=\"https:\/\/setorsulseguros.com.br\/novo\/wp-content\/uploads\/2021\/03\/portoseguro.jpg\" alt=\"porto\">\r\n\t\t\t\t\t\t\t<\/a>\r\n\t\t\t\t\t\t<\/div>\r\n\t\t\t\t\t<\/div>\r\n\t\t\t\t\t\t\t\t\t\t\t\t\t\t\t\t<div class=\"gyan-image-item\">\r\n\t\t\t\t\t\t<div class=\"gyan-image-item-inner\">\r\n\t\t\t\t\t\t\t<a href=\"\" >\r\n\t\t\t\t\t\t\t\t<img decoding=\"async\" src=\"https:\/\/setorsulseguros.com.br\/novo\/wp-content\/uploads\/2021\/03\/sulamerica.jpg\" alt=\"suamerica\">\r\n\t\t\t\t\t\t\t<\/a>\r\n\t\t\t\t\t\t<\/div>\r\n\t\t\t\t\t<\/div>\r\n\t\t\t\t\t\t\t\t\t\t\t\t\t\t\t\t<div class=\"gyan-image-item\">\r\n\t\t\t\t\t\t<div class=\"gyan-image-item-inner\">\r\n\t\t\t\t\t\t\t<a href=\"\" >\r\n\t\t\t\t\t\t\t\t<img decoding=\"async\" src=\"https:\/\/setorsulseguros.com.br\/wp-content\/uploads\/2021\/03\/excelsior.jpg\" alt=\"excelsior\">\r\n\t\t\t\t\t\t\t<\/a>\r\n\t\t\t\t\t\t<\/div>\r\n\t\t\t\t\t<\/div>\r\n\t\t\t\t\t\t\t\t\t\t\t\t\t\t\t\t<div class=\"gyan-image-item\">\r\n\t\t\t\t\t\t<div class=\"gyan-image-item-inner\">\r\n\t\t\t\t\t\t\t<a href=\"\" >\r\n\t\t\t\t\t\t\t\t<img decoding=\"async\" src=\"https:\/\/setorsulseguros.com.br\/wp-content\/uploads\/2021\/03\/sancor.jpg\" alt=\"sancor\">\r\n\t\t\t\t\t\t\t<\/a>\r\n\t\t\t\t\t\t<\/div>\r\n\t\t\t\t\t<\/div>\r\n\t\t\t\t\t\t\t\t\t\t\t\t\t\t\t\t<div class=\"gyan-image-item\">\r\n\t\t\t\t\t\t<div class=\"gyan-image-item-inner\">\r\n\t\t\t\t\t\t\t<a href=\"\" >\r\n\t\t\t\t\t\t\t\t<img decoding=\"async\" src=\"https:\/\/setorsulseguros.com.br\/novo\/wp-content\/uploads\/2021\/03\/allianz.jpg\" alt=\"allianz\">\r\n\t\t\t\t\t\t\t<\/a>\r\n\t\t\t\t\t\t<\/div>\r\n\t\t\t\t\t<\/div>\r\n\t\t\t\t\t\t\t\t\t\t\t\t\t\t\t\t<div class=\"gyan-image-item\">\r\n\t\t\t\t\t\t<div class=\"gyan-image-item-inner\">\r\n\t\t\t\t\t\t\t<a href=\"\" >\r\n\t\t\t\t\t\t\t\t<img decoding=\"async\" src=\"https:\/\/setorsulseguros.com.br\/novo\/wp-content\/uploads\/2021\/03\/azul.jpg\" alt=\"azul\">\r\n\t\t\t\t\t\t\t<\/a>\r\n\t\t\t\t\t\t<\/div>\r\n\t\t\t\t\t<\/div>\r\n\t\t\t\t\t\t\t\t\t\t\t\t\t\t\t\t<div class=\"gyan-image-item\">\r\n\t\t\t\t\t\t<div class=\"gyan-image-item-inner\">\r\n\t\t\t\t\t\t\t<a href=\"\" >\r\n\t\t\t\t\t\t\t\t<img decoding=\"async\" src=\"https:\/\/setorsulseguros.com.br\/wp-content\/uploads\/2021\/03\/samos.jpg\" alt=\"sampo\">\r\n\t\t\t\t\t\t\t<\/a>\r\n\t\t\t\t\t\t<\/div>\r\n\t\t\t\t\t<\/div>\r\n\t\t\t\t\t\t\t\t\t\t\t\t\t\t\t\t<div class=\"gyan-image-item\">\r\n\t\t\t\t\t\t<div class=\"gyan-image-item-inner\">\r\n\t\t\t\t\t\t\t<a href=\"\" >\r\n\t\t\t\t\t\t\t\t<img decoding=\"async\" src=\"https:\/\/setorsulseguros.com.br\/novo\/wp-content\/uploads\/2021\/03\/bradesco.jpg\" alt=\"bradesco\">\r\n\t\t\t\t\t\t\t<\/a>\r\n\t\t\t\t\t\t<\/div>\r\n\t\t\t\t\t<\/div>\r\n\t\t\t\t\t\t\t\t\t\t\t\t\t\t\t\t<div class=\"gyan-image-item\">\r\n\t\t\t\t\t\t<div class=\"gyan-image-item-inner\">\r\n\t\t\t\t\t\t\t<a href=\"\" >\r\n\t\t\t\t\t\t\t\t<img decoding=\"async\" src=\"https:\/\/setorsulseguros.com.br\/wp-content\/uploads\/2021\/03\/suhai.jpg\" alt=\"suhai\">\r\n\t\t\t\t\t\t\t<\/a>\r\n\t\t\t\t\t\t<\/div>\r\n\t\t\t\t\t<\/div>\r\n\t\t\t\t\t\t\t\t\t<\/div>\r\n\t\t\t\t<\/div>\n\t\t\t\t<\/div>\n\t\t\t\t\t<\/div>\n\t\t<\/div>\n\t\t\t\t\t\t\t<\/div>\n\t\t<\/section>\n\t\t\t\t<section class=\"elementor-section elementor-top-section elementor-element elementor-element-c1d1e54 elementor-section-boxed elementor-section-height-default elementor-section-height-default\" data-id=\"c1d1e54\" data-element_type=\"section\">\n\t\t\t\t\t\t<div class=\"elementor-container elementor-column-gap-default\">\n\t\t\t\t\t<div class=\"elementor-column elementor-col-100 elementor-top-column elementor-element elementor-element-0f76c11\" data-id=\"0f76c11\" data-element_type=\"column\">\n\t\t\t<div class=\"elementor-widget-wrap elementor-element-populated\">\n\t\t\t\t\t\t\t\t<div class=\"elementor-element elementor-element-a578db7 elementor-widget-divider--view-line elementor-widget elementor-widget-divider\" data-id=\"a578db7\" data-element_type=\"widget\" data-widget_type=\"divider.default\">\n\t\t\t\t<div class=\"elementor-widget-container\">\n\t\t\t\t\t<div class=\"elementor-divider\">\n\t\t\t<span class=\"elementor-divider-separator\">\n\t\t\t\t\t\t<\/span>\n\t\t<\/div>\n\t\t\t\t<\/div>\n\t\t\t\t<\/div>\n\t\t\t\t\t<\/div>\n\t\t<\/div>\n\t\t\t\t\t\t\t<\/div>\n\t\t<\/section>\n\t\t\t\t<section class=\"elementor-section elementor-top-section elementor-element elementor-element-31fa2783 elementor-section-stretched elementor-section-boxed elementor-section-height-default elementor-section-height-default\" data-id=\"31fa2783\" data-element_type=\"section\" data-settings=\"{&quot;stretch_section&quot;:&quot;section-stretched&quot;,&quot;background_background&quot;:&quot;classic&quot;}\">\n\t\t\t\t\t\t<div class=\"elementor-container elementor-column-gap-no\">\n\t\t\t\t\t<div class=\"elementor-column elementor-col-100 elementor-top-column elementor-element elementor-element-534fccd7\" data-id=\"534fccd7\" data-element_type=\"column\">\n\t\t\t<div class=\"elementor-widget-wrap elementor-element-populated\">\n\t\t\t\t\t\t\t\t<section class=\"elementor-section elementor-inner-section elementor-element elementor-element-40f62d9 elementor-section-boxed elementor-section-height-default elementor-section-height-default\" data-id=\"40f62d9\" data-element_type=\"section\">\n\t\t\t\t\t\t<div class=\"elementor-container elementor-column-gap-no\">\n\t\t\t\t\t<div class=\"elementor-column elementor-col-50 elementor-inner-column elementor-element elementor-element-113f0c16\" data-id=\"113f0c16\" data-element_type=\"column\">\n\t\t\t<div class=\"elementor-widget-wrap elementor-element-populated\">\n\t\t\t\t\t\t\t\t<div class=\"elementor-element elementor-element-50cab4db elementor-widget elementor-widget-image\" data-id=\"50cab4db\" data-element_type=\"widget\" data-widget_type=\"image.default\">\n\t\t\t\t<div class=\"elementor-widget-container\">\n\t\t\t\t\t<div class=\"elementor-image\">\n\t\t\t\t\t\t\t\t\t\t\t<a href=\"https:\/\/api.whatsapp.com\/send?phone=5541984066990\" target=\"_blank\">\n\t\t\t\t\t\t\t<img loading=\"lazy\" decoding=\"async\" width=\"665\" height=\"631\" src=\"https:\/\/setorsulseguros.com.br\/wp-content\/uploads\/2021\/03\/falecssonosco-4.jpg\" class=\"attachment-medium_large size-medium_large\" alt=\"\" srcset=\"https:\/\/setorsulseguros.com.br\/wp-content\/uploads\/2021\/03\/falecssonosco-4.jpg 665w, https:\/\/setorsulseguros.com.br\/wp-content\/uploads\/2021\/03\/falecssonosco-4-300x285.jpg 300w\" sizes=\"auto, (max-width: 665px) 100vw, 665px\" \/>\t\t\t\t\t\t\t\t<\/a>\n\t\t\t\t\t\t\t\t\t\t\t<\/div>\n\t\t\t\t<\/div>\n\t\t\t\t<\/div>\n\t\t\t\t\t<\/div>\n\t\t<\/div>\n\t\t\t\t<div class=\"elementor-column elementor-col-50 elementor-inner-column elementor-element elementor-element-3cef0ee\" data-id=\"3cef0ee\" data-element_type=\"column\" data-settings=\"{&quot;background_background&quot;:&quot;classic&quot;}\">\n\t\t\t<div class=\"elementor-widget-wrap elementor-element-populated\">\n\t\t\t\t\t\t\t\t<div class=\"elementor-element elementor-element-247f14af gyan-cf7-style-underline gyan-cf7-button-left gyan-cf7-highlight-style-default elementor-widget elementor-widget-gyan_contact_form_styler\" data-id=\"247f14af\" data-element_type=\"widget\" data-widget_type=\"gyan_contact_form_styler.default\">\n\t\t\t\t<div class=\"elementor-widget-container\">\n\t\t\t\t\t\t\t<div class = \"gyan-cf7-container\">\n\t\t\t\t\t\t<div class = \"gyan-cf7 gyan-cf7-style elementor-clickable\">\n\t\t\t\t\t\t<div role=\"form\" class=\"wpcf7\" id=\"wpcf7-f175-o1\" lang=\"en-US\" dir=\"ltr\">\n<div class=\"screen-reader-response\"><p role=\"status\" aria-live=\"polite\" aria-atomic=\"true\"><\/p> <ul><\/ul><\/div>\n<form action=\"\/index.php\/wp-json\/wp\/v2\/pages\/158#wpcf7-f175-o1\" method=\"post\" class=\"wpcf7-form init\" novalidate=\"novalidate\" data-status=\"init\">\n<div style=\"display: none;\">\n<input type=\"hidden\" name=\"_wpcf7\" value=\"175\" \/>\n<input type=\"hidden\" name=\"_wpcf7_version\" value=\"5.4\" \/>\n<input type=\"hidden\" name=\"_wpcf7_locale\" value=\"en_US\" \/>\n<input type=\"hidden\" name=\"_wpcf7_unit_tag\" value=\"wpcf7-f175-o1\" \/>\n<input type=\"hidden\" name=\"_wpcf7_container_post\" value=\"0\" \/>\n<input type=\"hidden\" name=\"_wpcf7_posted_data_hash\" value=\"\" \/>\n<\/div>\n<div class=\"swm-row\" style=\"margin:0 -20px;\">\n<div class=\"swm-column swm-column2 swm-no-gap-row\">\n<div class=\"swm-column-gap\" style=\"padding:0 20px;\"><span class=\"gyan-cf7-icon icon-right\"><i class=\"far fa-user\"><\/i><span class=\"wpcf7-form-control-wrap your-name\"><input type=\"text\" name=\"your-name\" value=\"\" size=\"40\" class=\"wpcf7-form-control wpcf7-text wpcf7-validates-as-required\" aria-required=\"true\" aria-invalid=\"false\" placeholder=\"Seu Nome\" \/><\/span><\/span><\/div>\n<\/div>\n<div class=\"swm-column swm-column2 swm-no-gap-row\">\n<div class=\"swm-column-gap\" style=\"padding:0 20px;\"><span class=\"gyan-cf7-icon icon-right\"><i class=\"far fa-envelope-open\"><\/i><span class=\"wpcf7-form-control-wrap your-email\"><input type=\"email\" name=\"your-email\" value=\"\" size=\"40\" class=\"wpcf7-form-control wpcf7-text wpcf7-email wpcf7-validates-as-required wpcf7-validates-as-email\" aria-required=\"true\" aria-invalid=\"false\" placeholder=\"Email\" \/><\/span><\/span><\/div>\n<\/div>\n<\/div>\n<div class=\"swm-row\" style=\"margin:0 -20px;\">\n<div class=\"swm-column swm-column2 swm-no-gap-row\">\n<div class=\"swm-column-gap\" style=\"padding:0 20px;\"><span class=\"gyan-cf7-icon icon-right\"><i class=\"fab fa-whatsapp\"><\/i><span class=\"wpcf7-form-control-wrap your-phone\"><input type=\"text\" name=\"your-phone\" value=\"\" size=\"40\" class=\"wpcf7-form-control wpcf7-text\" aria-invalid=\"false\" placeholder=\"Telefone\" \/><\/span><\/span><\/div>\n<\/div>\n<div class=\"swm-column swm-column2 swm-no-gap-row\">\n<div class=\"swm-column-gap\" style=\"padding:0 20px;\"><span class=\"gyan-cf7-icon icon-right\"><i class=\"far fa-edit\"><\/i><span class=\"wpcf7-form-control-wrap your-subject\"><input type=\"text\" name=\"your-subject\" value=\"\" size=\"40\" class=\"wpcf7-form-control wpcf7-text\" aria-invalid=\"false\" placeholder=\"Tipo Seguro\" \/><\/span><\/span><\/div>\n<\/div>\n<\/div>\n<div><span class=\"gyan-cf7-icon icon-right\"><i class=\"far fa-comment-dots\"><\/i><span class=\"wpcf7-form-control-wrap your-message\"><textarea name=\"your-message\" cols=\"40\" rows=\"10\" class=\"wpcf7-form-control wpcf7-textarea\" aria-invalid=\"false\" placeholder=\"Mensagem\"><\/textarea><\/span><\/span><\/div>\n<p><input type=\"submit\" value=\"Enviar Mensagem\" class=\"wpcf7-form-control wpcf7-submit\" \/><\/p>\n<div class=\"wpcf7-response-output\" aria-hidden=\"true\"><\/div><\/form><\/div>\t\t\t\t\t<\/div>\n\t\t\t\t<\/div>\n\t\t\t\t\t\t<\/div>\n\t\t\t\t<\/div>\n\t\t\t\t\t<\/div>\n\t\t<\/div>\n\t\t\t\t\t\t\t<\/div>\n\t\t<\/section>\n\t\t\t\t\t<\/div>\n\t\t<\/div>\n\t\t\t\t\t\t\t<\/div>\n\t\t<\/section>\n\t\t\t\t\t\t<\/div>\n\t\t\t\t\t<\/div>\n\t\t","protected":false},"excerpt":{"rendered":"<p>Seja bem vindo! SETORSUL SEGUROS Nosso compromisso \u00e9 te atender com qualidade e transpar\u00eancia. Por isso, oferecemos os melhores seguros do mercado visando o custo benef\u00edcio de cada cliente. Seja seguro de auto, empresarial e\/ou resid\u00eancial, buscamos a op\u00e7\u00e3o que atenda todas as necessidades de cobertura e ofere\u00e7a a seguran\u00e7a [&hellip;]<\/p>\n","protected":false},"author":1,"featured_media":0,"parent":0,"menu_order":0,"comment_status":"closed","ping_status":"closed","template":"","meta":{"footnotes":""},"class_list":["post-158","page","type-page","status-publish","hentry"],"_links":{"self":[{"href":"https:\/\/setorsulseguros.com.br\/index.php\/wp-json\/wp\/v2\/pages\/158","targetHints":{"allow":["GET"]}}],"collection":[{"href":"https:\/\/setorsulseguros.com.br\/index.php\/wp-json\/wp\/v2\/pages"}],"about":[{"href":"https:\/\/setorsulseguros.com.br\/index.php\/wp-json\/wp\/v2\/types\/page"}],"author":[{"embeddable":true,"href":"https:\/\/setorsulseguros.com.br\/index.php\/wp-json\/wp\/v2\/users\/1"}],"replies":[{"embeddable":true,"href":"https:\/\/setorsulseguros.com.br\/index.php\/wp-json\/wp\/v2\/comments?post=158"}],"version-history":[{"count":357,"href":"https:\/\/setorsulseguros.com.br\/index.php\/wp-json\/wp\/v2\/pages\/158\/revisions"}],"predecessor-version":[{"id":2496,"href":"https:\/\/setorsulseguros.com.br\/index.php\/wp-json\/wp\/v2\/pages\/158\/revisions\/2496"}],"wp:attachment":[{"href":"https:\/\/setorsulseguros.com.br\/index.php\/wp-json\/wp\/v2\/media?parent=158"}],"curies":[{"name":"wp","href":"https:\/\/api.w.org\/{rel}","templated":true}]}}